{"id":665,"date":"2025-11-28T20:19:33","date_gmt":"2025-11-28T20:19:33","guid":{"rendered":"https:\/\/asirem-cosmetiques.fr\/boutique\/?page_id=665"},"modified":"2025-11-28T20:24:04","modified_gmt":"2025-11-28T20:24:04","slug":"mentions-legales","status":"publish","type":"page","link":"https:\/\/asirem-cosmetiques.fr\/boutique\/mentions-legales\/","title":{"rendered":"Mentions l\u00e9gales"},"content":{"rendered":"\n<h2 class=\"wp-block-heading\">Mentions l\u00e9gales<\/h2>\n\n\n\n<p>\u00c9diteur du site :<br>Nom de l\u2019entreprise : BENARAB SYPHAX<br>Statut : Entrepreneur individuel (micro-entreprise)<\/p>\n\n\n\n<p>SIREN : 992 752 899<br>SIRET (si\u00e8ge) : 992 752 899 00011 <br>Num\u00e9ro RCS : 992 752 899 R.C.S. Paris \u2014 immatricul\u00e9e au greffe de Paris, le 27\/10\/2025 <br>Num\u00e9ro de TVA intracommunautaire : FR03 992 752 899 <br>Adresse du si\u00e8ge social : BUREAU 326, 59 rue de Ponthieu, 75008 Paris <br>Activit\u00e9 principale : Cr\u00e9ation, personnalisation et vente de bougies artisanales, bougeoirs, objets d\u00e9coratifs et accessoires li\u00e9s \u00e0 l\u2019art de la bougie (code APE\/NAF 32.99Z) <\/p>\n\n\n\n<h2 class=\"wp-block-heading\">H\u00e9bergement du site<\/h2>\n\n\n\n<p>Le site est h\u00e9berg\u00e9 par :<br>Hostinger International Ltd<strong>.<\/strong><br>Adresse : 61 Lordou Vironos Street, 6023 Larnaca, Chypre<br>Site : hostinger.com<br>Support : <a href=\"https:\/\/www.hostinger.fr\/contact\">https:\/\/www.hostinger.fr\/contact<\/a><\/p>\n\n\n\n<hr class=\"wp-block-separator has-alpha-channel-opacity\"\/>\n\n\n\n<h2 class=\"wp-block-heading\">Propri\u00e9t\u00e9 intellectuelle<\/h2>\n\n\n\n<p>L\u2019ensemble des \u00e9l\u00e9ments du site (textes, images, vid\u00e9os, graphismes, logos\u2026) est prot\u00e9g\u00e9 par le droit de la propri\u00e9t\u00e9 intellectuelle. Toute reproduction, repr\u00e9sentation ou adaptation, totale ou partielle, est strictement interdite sans l\u2019autorisation \u00e9crite de <strong>ASIREM COSM\u00c9TIQUES<\/strong>.<\/p>\n\n\n\n<hr class=\"wp-block-separator has-alpha-channel-opacity\"\/>\n\n\n\n<h2 class=\"wp-block-heading\">Donn\u00e9es personnelles &amp; cookies<\/h2>\n\n\n\n<p>ASIREM COSM\u00c9TIQUES peut collecter des donn\u00e9es personnelles via les formulaires du site. Ces donn\u00e9es sont utilis\u00e9es uniquement dans le cadre d\u00e9fini (gestion des demandes, commandes, newsletter\u2026). L\u2019utilisateur dispose d\u2019un droit d\u2019acc\u00e8s, de rectification, d\u2019opposition et de suppression de ses donn\u00e9es conform\u00e9ment au RGPD.<\/p>\n\n\n\n<p>Si le site utilise des cookies n\u00e9cessitant un consentement, un bandeau d\u2019information et une politique de cookies doivent \u00eatre mis en place.<\/p>\n\n\n\n<hr class=\"wp-block-separator has-alpha-channel-opacity\"\/>\n\n\n\n<h2 class=\"wp-block-heading\">Responsabilit\u00e9<\/h2>\n\n\n\n<p>ASIREM COSM\u00c9TIQUES s\u2019efforce de fournir des informations exactes, mais ne peut garantir l\u2019absence d\u2019erreurs. L\u2019utilisation du site se fait sous la responsabilit\u00e9 de l\u2019utilisateur.<br>L\u2019entreprise ne pourra \u00eatre tenue responsable des dommages directs ou indirects r\u00e9sultant de l\u2019utilisation du site.<\/p>\n\n\n\n<hr class=\"wp-block-separator has-alpha-channel-opacity\"\/>\n\n\n\n<h2 class=\"wp-block-heading\">Litiges<\/h2>\n\n\n\n<p>En cas de litige, les tribunaux fran\u00e7ais seront seuls comp\u00e9tents.<\/p>\n","protected":false},"excerpt":{"rendered":"<p>Mentions l\u00e9gales \u00c9diteur du site :Nom de l\u2019entreprise : BENARAB SYPHAXStatut : Entrepreneur individuel (micro-entreprise) SIREN : 992 752 899SIRET&#8230;<\/p>\n","protected":false},"author":1,"featured_media":0,"parent":0,"menu_order":0,"comment_status":"closed","ping_status":"closed","template":"","meta":{"om_disable_all_campaigns":false,"_monsterinsights_skip_tracking":false,"_monsterinsights_sitenote_active":false,"_monsterinsights_sitenote_note":"","_monsterinsights_sitenote_category":0,"_uf_show_specific_survey":0,"_uf_disable_surveys":false,"footnotes":""},"class_list":["post-665","page","type-page","status-publish","hentry"],"aioseo_notices":[],"_hostinger_reach_plugin_has_subscription_block":false,"_hostinger_reach_plugin_is_elementor":false,"jetpack_sharing_enabled":true,"post-meta":{"_edit_lock":["1764361456:1"],"_edit_last":["1"],"cmplz_hide_cookiebanner":[""],"site-container":["default"],"site-header-transparent":["default"],"site-page-header":["default"],"site-sidebar":["default"],"tp_widgets":["a:2:{s:7:\"widgets\";a:0:{}s:9:\"update_at\";s:10:\"1769372403\";}"],"_wp_suggested_privacy_policy_content":["a:3:{s:11:\"plugin_name\";s:9:\"WordPress\";s:11:\"policy_text\";s:5372:\"<h2 class=\"wp-block-heading\">Qui sommes-nous\u00a0?<\/h2><p><strong class=\"privacy-policy-tutorial\">Texte sugg\u00e9r\u00e9\u00a0: <\/strong>L\u2019adresse de notre site est\u00a0: https:\/\/asirem-cosmetiques.fr\/boutique.<\/p><h2 class=\"wp-block-heading\">Commentaires<\/h2><p><strong class=\"privacy-policy-tutorial\">Texte sugg\u00e9r\u00e9\u00a0: <\/strong>Quand vous laissez un commentaire sur notre site, les donn\u00e9es inscrites dans le formulaire de commentaire, ainsi que votre adresse IP et l\u2019agent utilisateur de votre navigateur sont collect\u00e9s pour nous aider \u00e0 la d\u00e9tection des commentaires ind\u00e9sirables.<\/p><p>Une cha\u00eene anonymis\u00e9e cr\u00e9\u00e9e \u00e0 partir de votre adresse e-mail (\u00e9galement appel\u00e9e hash) peut \u00eatre envoy\u00e9e au service Gravatar pour v\u00e9rifier si vous utilisez ce dernier. Les clauses de confidentialit\u00e9 du service Gravatar sont disponibles ici\u00a0: https:\/\/automattic.com\/privacy\/. Apr\u00e8s validation de votre commentaire, votre photo de profil sera visible publiquement \u00e0 cot\u00e9 de votre commentaire.<\/p><h2 class=\"wp-block-heading\">M\u00e9dias<\/h2><p><strong class=\"privacy-policy-tutorial\">Texte sugg\u00e9r\u00e9\u00a0: <\/strong>Si vous t\u00e9l\u00e9versez des images sur le site, nous vous conseillons d\u2019\u00e9viter de t\u00e9l\u00e9verser des images contenant des donn\u00e9es EXIF de coordonn\u00e9es GPS. Les personnes visitant votre site peuvent t\u00e9l\u00e9charger et extraire des donn\u00e9es de localisation depuis ces images.<\/p><h2 class=\"wp-block-heading\">Cookies<\/h2><p><strong class=\"privacy-policy-tutorial\">Texte sugg\u00e9r\u00e9\u00a0: <\/strong>Si vous d\u00e9posez un commentaire sur notre site, il vous sera propos\u00e9 d\u2019enregistrer votre nom, adresse e-mail et site dans des cookies. C\u2019est uniquement pour votre confort afin de ne pas avoir \u00e0 saisir ces informations si vous d\u00e9posez un autre commentaire plus tard. Ces cookies expirent au bout d\u2019un an.<\/p><p>Si vous vous rendez sur la page de connexion, un cookie temporaire sera cr\u00e9\u00e9 afin de d\u00e9terminer si votre navigateur accepte les cookies. Il ne contient pas de donn\u00e9es personnelles et sera supprim\u00e9 automatiquement \u00e0 la fermeture de votre navigateur.<\/p><p>Lorsque vous vous connecterez, nous mettrons en place un certain nombre de cookies pour enregistrer vos informations de connexion et vos pr\u00e9f\u00e9rences d\u2019\u00e9cran. La dur\u00e9e de vie d\u2019un cookie de connexion est de deux jours, celle d\u2019un cookie d\u2019option d\u2019\u00e9cran est d\u2019un an. Si vous cochez \u00ab\u00a0Se souvenir de moi\u00a0\u00bb, votre cookie de connexion sera conserv\u00e9 pendant deux semaines. Si vous vous d\u00e9connectez de votre compte, le cookie de connexion sera effac\u00e9.<\/p><p>En modifiant ou en publiant une publication, un cookie suppl\u00e9mentaire sera enregistr\u00e9 dans votre navigateur. Ce cookie ne comprend aucune donn\u00e9e personnelle. Il indique simplement l\u2019ID de la publication que vous venez de modifier. Il expire au bout d\u2019un jour.<\/p><h2 class=\"wp-block-heading\">Contenu embarqu\u00e9 depuis d\u2019autres sites<\/h2><p><strong class=\"privacy-policy-tutorial\">Texte sugg\u00e9r\u00e9\u00a0: <\/strong>Les articles de ce site peuvent inclure des contenus int\u00e9gr\u00e9s (par exemple des vid\u00e9os, images, articles\u2026). Le contenu int\u00e9gr\u00e9 depuis d\u2019autres sites se comporte de la m\u00eame mani\u00e8re que si le visiteur se rendait sur cet autre site.<\/p><p>Ces sites web pourraient collecter des donn\u00e9es sur vous, utiliser des cookies, embarquer des outils de suivis tiers, suivre vos interactions avec ces contenus embarqu\u00e9s si vous disposez d\u2019un compte connect\u00e9 sur leur site web.<\/p><h2 class=\"wp-block-heading\">Utilisation et transmission de vos donn\u00e9es personnelles<\/h2><p><strong class=\"privacy-policy-tutorial\">Texte sugg\u00e9r\u00e9\u00a0: <\/strong>Si vous demandez une r\u00e9initialisation de votre mot de passe, votre adresse IP sera incluse dans l\u2019e-mail de r\u00e9initialisation.<\/p><h2 class=\"wp-block-heading\">Dur\u00e9es de stockage de vos donn\u00e9es<\/h2><p><strong class=\"privacy-policy-tutorial\">Texte sugg\u00e9r\u00e9\u00a0: <\/strong>Si vous laissez un commentaire, le commentaire et ses m\u00e9tadonn\u00e9es sont conserv\u00e9s ind\u00e9finiment. Cela permet de reconna\u00eetre et approuver automatiquement les commentaires suivants au lieu de les laisser dans la file de mod\u00e9ration.<\/p><p>Pour les comptes qui s\u2019inscrivent sur notre site (le cas \u00e9ch\u00e9ant), nous stockons \u00e9galement les donn\u00e9es personnelles indiqu\u00e9es dans leur profil. Tous les comptes peuvent voir, modifier ou supprimer leurs informations personnelles \u00e0 tout moment (\u00e0 l\u2019exception de leur identifiant). Les gestionnaires du site peuvent aussi voir et modifier ces informations.<\/p><h2 class=\"wp-block-heading\">Les droits que vous avez sur vos donn\u00e9es<\/h2><p><strong class=\"privacy-policy-tutorial\">Texte sugg\u00e9r\u00e9\u00a0: <\/strong>Si vous avez un compte ou si vous avez laiss\u00e9 des commentaires sur le site, vous pouvez demander \u00e0 recevoir un fichier contenant toutes les donn\u00e9es personnelles que nous poss\u00e9dons \u00e0 votre sujet, incluant celles que vous nous avez fournies. Vous pouvez \u00e9galement demander la suppression des donn\u00e9es personnelles vous concernant. Cela ne prend pas en compte les donn\u00e9es stock\u00e9es \u00e0 des fins administratives, l\u00e9gales ou pour des raisons de s\u00e9curit\u00e9.<\/p><h2 class=\"wp-block-heading\">O\u00f9 vos donn\u00e9es sont envoy\u00e9es<\/h2><p><strong class=\"privacy-policy-tutorial\">Texte sugg\u00e9r\u00e9\u00a0: <\/strong>Les commentaires des visiteurs peuvent \u00eatre v\u00e9rifi\u00e9s \u00e0 l\u2019aide d\u2019un service automatis\u00e9 de d\u00e9tection des commentaires ind\u00e9sirables.<\/p>\";s:5:\"added\";i:1764955710;}","a:3:{s:11:\"plugin_name\";s:11:\"WooCommerce\";s:11:\"policy_text\";s:4628:\"<div class=\"wp-suggested-text\"><p class=\"privacy-policy-tutorial\">Ce language accessible inclut les bases sur les donn\u00e9es personnelles que votre boutique peut collecter, stocker et partager, et en plus qui peut avoir acc\u00e8s aux donn\u00e9es. En fonction de vos r\u00e9glages et quels extensions vous utilisez, les informations partag\u00e9es peuvent varier. Nous recommandons de consulter un avocat au moment de d\u00e9cider quels information divulguer dans votre politique de confidentialit\u00e9.<\/p><p>Nous collectons des informations lors de la validation de commande sur notre boutique.<\/p><h2>Ce que nous collectons et stockons<\/h2><p>Pendant votre visite du site, nous suivons\u00a0:<\/p><ul><li>Produits que vous avez vus\u00a0: permet par exemple d\u2019afficher des produits que vous avez r\u00e9cemment consult\u00e9s<\/li><li>Localisation, adresse IP et type de navigateur\u00a0: nous les utilisons pour l\u2018estimation des taxes et frais de port<\/li><li>Adresse de livraison\u00a0: nous vous demanderons de la saisir pour estimer les frais d\u2019exp\u00e9dition avant que vous passiez commande, et pour vous envoyer la commande\u00a0!<\/li><\/ul><p>Nous utilisons des cookies pour suivre les contenus du panier pendant que vous naviguez sur notre site.<\/p><p class=\"privacy-policy-tutorial\">Note\u00a0: vous pouvez d\u00e9tailler votre politique de cookies, et faire un lien vers cette section \u00e0 partir d\u2019ici.<\/p><p>Quand vous achetez sur notre site web, nous vous demanderons de fournir des informations incluant votre nom, adresse de facturation, adresse de livraison, e-mail, num\u00e9ro de t\u00e9l\u00e9phone, donn\u00e9es de paiement \/ carte bancaire et \u00e9ventuellement les donn\u00e9es du compte tel que l\u2019identifiant et le mot de passe. Ces informations seront utilis\u00e9es pour\u00a0:<\/p><ul><li>Envoie de l\u2019information \u00e0 propos de votre compte et commande<\/li><li>R\u00e9pondre aux demandes, incluant les remboursements et plaintes<\/li><li>Traitement des paiements et pr\u00e9vention de la fraude<\/li><li>Configurez votre compte pour notre boutique<\/li><li>Se conformer avec toute obligation l\u00e9gale, telle que le calcul des taxes<\/li><li>Am\u00e9liorer les offres de notre boutique<\/li><li>Vous envoyer des messages marketing, si vous choisissez d\u2019en recevoir<\/li><\/ul><p>Si vous cr\u00e9ez un compte, nous stockons votre nom, adresse, e-mail, et num\u00e9ro de t\u00e9l\u00e9phone, qui sera utilis\u00e9 pour pr\u00e9remplir la validation de commande pour les prochaines commandes.<\/p><p>Nous stockons g\u00e9n\u00e9ralement vos informations aussi longtemps que nous en avons besoin pour l\u2019usage pour lequel nous les collectons et utilisons, et nous ne sommes pas oblig\u00e9s l\u00e9galement de continuer \u00e0 les conserver. Par exemple, nous stockons les informations de commande pour XXX ann\u00e9es pour les taxes et la comptabilit\u00e9. Ceci inclut votre nom, e-mail et adresses de facturation et livraison.<\/p><p>Nous stockons aussi les commentaires ou avis, si vous choisissez d\u2019en envoyer.<\/p><h2>Qui de notre \u00e9quipe a acc\u00e8s aux donn\u00e9es<\/h2><p>Les membres de notre \u00e9quipe ont acc\u00e8s aux informations que vous nous fournissez. Par exemple, les administrateurs et g\u00e9rants de boutique ont acc\u00e8s\u00a0:<\/p><ul><li>Information de commande tel que ce qui a \u00e9t\u00e9 achet\u00e9, quand et o\u00f9 cela doit \u00eatre envoy\u00e9, et<\/li><li>Information client tel que votre nom, e-mail et informations de facturation et livraison.<\/li><\/ul><p>Notre \u00e9quipe a acc\u00e8s \u00e0 ces informations pour tra\u00eeter les commandes, effectuer les remboursements et vous aider.<\/p><h2>Ce que nous partageons avec d\u2019autres<\/h2><p class=\"privacy-policy-tutorial\">Dans cette section, vous devez lister avec qui vous partagez des donn\u00e9es, et pour quelle fin. Ceci inclut, mais n\u2019est pas limit\u00e9 \u00e0, statistiques, marketing, passerelles de paiement, transporteurs, et contenus tiers.<\/p><p>Nous partageons des donn\u00e9es avec des tiers qui nous aident \u00e0 g\u00e9rer nos commandes et services de la boutique; par exemple --<\/p><h3>Paiements<\/h3><p class=\"privacy-policy-tutorial\">Dans cette section, vous pouvez lister quels plateformes de paiements vous utilisez pour recevoir les paiements sur votre boutique puisque vous devez manipuler les donn\u00e9es des clients. Nous avons inclus PayPal comme exemple, mais vous devriez le supprimer si vous ne l\u2019utilisez pas.<\/p><p>Nous acceptons les paiements par PayPal. Lors du traitement des paiements, certains donn\u00e9es seront transmises \u00e0 PayPal, incluant l\u2019information obligatoires \u00e0 l\u2019ex\u00e9cution du paiement, tel que le montant total ou les informations de facturation.<\/p><p>Veuillez lire la <a href=\"https:\/\/www.paypal.com\/us\/webapps\/mpp\/ua\/privacy-full\">politique de confidentialit\u00e9 de PayPal<\/a> pour plus de d\u00e9tails.<\/p><\/div>\";s:5:\"added\";i:1764955710;}","a:3:{s:11:\"plugin_name\";s:43:\"Complianz | The Privacy Suite for WordPress\";s:11:\"policy_text\";s:559:\"<p>Ce site web utilise la Privacy Suite for WordPress de Complianz pour collecter et enregistrer le consentement bas\u00e9 sur le navigateur et l\u2019appareil. Pour cette fonctionnalit\u00e9, votre adresse IP est anonymis\u00e9e et stock\u00e9e dans notre base de donn\u00e9es.&nbsp;Ce service ne traite aucune information permettant d\u2019identifier une personne et ne partage aucune donn\u00e9e avec le prestataire de services.&nbsp;Pour plus d\u2019informations, consultez la <a href=\"https:\/\/complianz.io\/legal\/privacy-statement\/\">D\u00e9claration de confidentialit\u00e9<\/a> de Complianz.<\/p>\n\";s:5:\"added\";i:1764955710;}","a:3:{s:11:\"plugin_name\";s:22:\"Google for WooCommerce\";s:11:\"policy_text\";s:449:\"<p class=\"privacy-policy-tutorial\">By using this extension, you may be storing personal data or sharing data with an external service. <a href=\"https:\/\/support.google.com\/adspolicy\/answer\/54817\" target=\"_blank\">Learn more about what data is collected by Google and what you may want to include in your privacy policy<\/a>.<\/p>\n<style>#privacy-settings-accordion-block-google-listings-ads .privacy-settings-accordion-actions { display: none }<\/style>\n\";s:5:\"added\";i:1764955710;}"],"_cmplz_scanned_post":["1"],"_elementor_page_assets":["a:0:{}"],"_elementor_css":["a:1:{s:4:\"time\";i:1769509187;}"]},"_links":{"self":[{"href":"https:\/\/asirem-cosmetiques.fr\/boutique\/wp-json\/wp\/v2\/pages\/665","targetHints":{"allow":["GET"]}}],"collection":[{"href":"https:\/\/asirem-cosmetiques.fr\/boutique\/wp-json\/wp\/v2\/pages"}],"about":[{"href":"https:\/\/asirem-cosmetiques.fr\/boutique\/wp-json\/wp\/v2\/types\/page"}],"author":[{"embeddable":true,"href":"https:\/\/asirem-cosmetiques.fr\/boutique\/wp-json\/wp\/v2\/users\/1"}],"replies":[{"embeddable":true,"href":"https:\/\/asirem-cosmetiques.fr\/boutique\/wp-json\/wp\/v2\/comments?post=665"}],"version-history":[{"count":0,"href":"https:\/\/asirem-cosmetiques.fr\/boutique\/wp-json\/wp\/v2\/pages\/665\/revisions"}],"wp:attachment":[{"href":"https:\/\/asirem-cosmetiques.fr\/boutique\/wp-json\/wp\/v2\/media?parent=665"}],"curies":[{"name":"wp","href":"https:\/\/api.w.org\/{rel}","templated":true}]}}